{"id":8954,"date":"2019-01-31T14:55:25","date_gmt":"2019-01-31T14:55:25","guid":{"rendered":"https:\/\/www.ygslaw.com\/?page_id=8954"},"modified":"2019-03-18T06:46:09","modified_gmt":"2019-03-18T06:46:09","slug":"iletisim","status":"publish","type":"page","link":"https:\/\/www.ygslaw.com\/tr\/iletisim\/","title":{"rendered":"\u0130leti\u015fim"},"content":{"rendered":"<section class=\"wpb-content-wrapper\"><p>[vc_row gap=&#8221;25&#8243; css_animation=&#8221;none&#8221; css=&#8221;.vc_custom_1544450425697{margin-top: 0px !important;margin-right: -12px !important;margin-bottom: 0px !important;margin-left: -12px !important;padding-top: 100px !important;}&#8221;][vc_column width=&#8221;1\/2&#8243; css=&#8221;.vc_custom_1528096262393{margin-top: 0px !important;margin-bottom: 0px !important;border-top-width: 1px !important;border-right-width: 1px !important;border-bottom-width: 1px !important;border-left-width: 1px !important;padding-top: 30px !important;padding-right: 37px !important;padding-bottom: 37px !important;padding-left: 37px !important;background-color: #fbfbfb !important;border-left-color: #e6e5e5 !important;border-left-style: solid !important;border-right-color: #e6e5e5 !important;border-right-style: solid !important;border-top-color: #e6e5e5 !important;border-top-style: solid !important;border-bottom-color: #e6e5e5 !important;border-bottom-style: solid !important;}&#8221;][vc_custom_heading text=&#8221;Bize Ula\u015f\u0131n&#8221; font_container=&#8221;tag:h2|font_size:28px|text_align:center|line_height:35px&#8221; use_theme_fonts=&#8221;yes&#8221; css_animation=&#8221;none&#8221; css=&#8221;.vc_custom_1548946490541{margin-top: 0px !important;margin-bottom: 0px !important;padding-top: 0px !important;padding-bottom: 10px !important;}&#8221;][vc_column_text css_animation=&#8221;none&#8221; css=&#8221;.vc_custom_1548946476179{margin-top: 0px !important;margin-bottom: 0px !important;padding-top: 0px !important;padding-right: 0px !important;padding-bottom: 0px !important;padding-left: 0px !important;}&#8221;]<\/p>\n<p style=\"text-align: center;\">A\u015fa\u011f\u0131daki formu doldurarak bizimle ileti\u015fime ge\u00e7ebilirsiniz.<\/p>\n<p>[\/vc_column_text][vc_row_inner css=&#8221;.vc_custom_1527923328552{margin-top: 0px !important;margin-bottom: 0px !important;padding-top: 27px !important;padding-bottom: 0px !important;}&#8221;][vc_column_inner]\r<!-- rt-cf7 -->\r<div class=\"radiant-contact-form rt3b892f1bd756ed4 element-one \"  >\n<div class=\"wpcf7 no-js\" id=\"wpcf7-f9054-o1\" lang=\"en-US\" dir=\"ltr\">\n<div class=\"screen-reader-response\"><p role=\"status\" aria-live=\"polite\" aria-atomic=\"true\"><\/p> <ul><\/ul><\/div>\n<form action=\"\/tr\/wp-json\/wp\/v2\/pages\/8954#wpcf7-f9054-o1\" method=\"post\" class=\"wpcf7-form init\" aria-label=\"Contact form\" novalidate=\"novalidate\" data-status=\"init\">\n<div style=\"display: none;\">\n<input type=\"hidden\" name=\"_wpcf7\" value=\"9054\" \/>\n<input type=\"hidden\" name=\"_wpcf7_version\" value=\"5.9.3\" \/>\n<input type=\"hidden\" name=\"_wpcf7_locale\" value=\"en_US\" \/>\n<input type=\"hidden\" name=\"_wpcf7_unit_tag\" value=\"wpcf7-f9054-o1\" \/>\n<input type=\"hidden\" name=\"_wpcf7_container_post\" value=\"0\" \/>\n<input type=\"hidden\" name=\"_wpcf7_posted_data_hash\" value=\"\" \/>\n<input type=\"hidden\" name=\"_wpcf7_recaptcha_response\" value=\"\" \/>\n<\/div>\n<style>.custom-btn-submit {width: 100%;text-align: center !important;padding: 15px 0 !important;}\n<\/style>\n<div class=\"row\">\n\t<div class=\"col-lg-6 col-md-6 col-sm-12 col-xs-12\">\n\t\t<div class=\"form-row\">\n\t\t\t<p><span class=\"wpcf7-form-control-wrap\" data-name=\"FName\"><input size=\"40\" class=\"wpcf7-form-control wpcf7-text wpcf7-validates-as-required\" aria-required=\"true\" aria-invalid=\"false\" placeholder=\"Ad:\" value=\"\" type=\"text\" name=\"FName\" \/><\/span>\n\t\t\t<\/p>\n\t\t<\/div>\n\t<\/div>\n\t<div class=\"col-lg-6 col-md-6 col-sm-12 col-xs-12\">\n\t\t<div class=\"form-row\">\n\t\t\t<p><span class=\"wpcf7-form-control-wrap\" data-name=\"LName\"><input size=\"40\" class=\"wpcf7-form-control wpcf7-text wpcf7-validates-as-required\" aria-required=\"true\" aria-invalid=\"false\" placeholder=\"Soyad:\" value=\"\" type=\"text\" name=\"LName\" \/><\/span>\n\t\t\t<\/p>\n\t\t<\/div>\n\t<\/div>\n\t<div class=\"col-lg-6 col-md-6 col-sm-12 col-xs-12\">\n\t\t<div class=\"form-row\">\n\t\t\t<p><span class=\"wpcf7-form-control-wrap\" data-name=\"email\"><input size=\"40\" class=\"wpcf7-form-control wpcf7-email wpcf7-validates-as-required wpcf7-text wpcf7-validates-as-email\" aria-required=\"true\" aria-invalid=\"false\" placeholder=\"E-Posta:\" value=\"\" type=\"email\" name=\"email\" \/><\/span>\n\t\t\t<\/p>\n\t\t<\/div>\n\t<\/div>\n\t<div class=\"col-lg-6 col-md-6 col-sm-12 col-xs-12\">\n\t\t<div class=\"form-row\">\n\t\t\t<p><span class=\"wpcf7-form-control-wrap\" data-name=\"phone\"><input size=\"40\" class=\"wpcf7-form-control wpcf7-tel wpcf7-text wpcf7-validates-as-tel\" aria-invalid=\"false\" placeholder=\"Telefon:\" value=\"\" type=\"tel\" name=\"phone\" \/><\/span>\n\t\t\t<\/p>\n\t\t<\/div>\n\t<\/div>\n\t<div class=\"col-lg-6 col-md-6 col-sm-12 col-xs-12\">\n\t\t<div class=\"form-row\">\n\t\t\t<p><span class=\"wpcf7-form-control-wrap\" data-name=\"YourCompany\"><input size=\"40\" class=\"wpcf7-form-control wpcf7-text\" aria-invalid=\"false\" placeholder=\"\u015eirket:\" value=\"\" type=\"text\" name=\"YourCompany\" \/><\/span>\n\t\t\t<\/p>\n\t\t<\/div>\n\t<\/div>\n\t<div class=\"col-lg-6 col-md-6 col-sm-12 col-xs-12\">\n\t\t<div class=\"form-row\">\n\t\t\t<p><span class=\"wpcf7-form-control-wrap\" data-name=\"subject\"><input size=\"40\" class=\"wpcf7-form-control wpcf7-text\" aria-invalid=\"false\" placeholder=\"Konu:\" value=\"\" type=\"text\" name=\"subject\" \/><\/span>\n\t\t\t<\/p>\n\t\t<\/div>\n\t<\/div>\n\t<div class=\"col-lg-12 col-md-12 col-sm-12 col-xs-12\">\n\t\t<div class=\"form-row\">\n\t\t\t<p><span class=\"wpcf7-form-control-wrap\" data-name=\"message\"><textarea cols=\"40\" rows=\"10\" class=\"wpcf7-form-control wpcf7-textarea\" aria-invalid=\"false\" placeholder=\"Mesaj:\" name=\"message\"><\/textarea><\/span>\n\t\t\t<\/p>\n\t\t<\/div>\n\t<\/div>\n\t<div class=\"col-lg-8 col-md-8 col-sm-8 col-xs-12\" style=\"padding: 0 5px;\">\n\t\n\t<\/div>\n\t<div class=\"col-lg-4 col-md-4 col-sm-4 col-xs-12\">\n\t\t<div class=\"form-row last text-center\">\n\t\t\t<p><input class=\"wpcf7-form-control wpcf7-submit has-spinner custom-btn-submit\" type=\"submit\" value=\"G\u00f6nder\" \/>\n\t\t\t<\/p>\n\t\t<\/div>\n\t<\/div>\n<\/div><p style=\"display: none !important;\" class=\"akismet-fields-container\" data-prefix=\"_wpcf7_ak_\"><label>&#916;<textarea name=\"_wpcf7_ak_hp_textarea\" cols=\"45\" rows=\"8\" maxlength=\"100\"><\/textarea><\/label><input type=\"hidden\" id=\"ak_js_1\" name=\"_wpcf7_ak_js\" value=\"220\"\/><script>document.getElementById( \"ak_js_1\" ).setAttribute( \"value\", ( new Date() ).getTime() );<\/script><\/p><div class=\"wpcf7-response-output\" aria-hidden=\"true\"><\/div>\n<\/form>\n<\/div>\n<div class=\"clearfix\"><\/div><\/div><!-- rt-cf7 -->\r[\/vc_column_inner][\/vc_row_inner][\/vc_column][vc_column width=&#8221;1\/2&#8243; css=&#8221;.vc_custom_1528354172457{margin-top: 0px !important;margin-bottom: 0px !important;padding-top: 0px !important;padding-right: 0px !important;padding-bottom: 0px !important;padding-left: 0px !important;}&#8221;][vc_raw_html]JTNDaWZyYW1lJTIwc3JjJTNEJTIyaHR0cHMlM0ElMkYlMkZ3d3cuZ29vZ2xlLmNvbSUyRm1hcHMlMkZlbWJlZCUzRnBiJTNEJTIxMW0xOCUyMTFtMTIlMjExbTMlMjExZDMwMDYuMTk1NDMzNzcyMDk5NSUyMTJkMjkuMDE3MzcxNTE0OTY4MjgyJTIxM2Q0MS4xMDg0MjI2NzkyOTA2NiUyMTJtMyUyMTFmMCUyMTJmMCUyMTNmMCUyMTNtMiUyMTFpMTAyNCUyMTJpNzY4JTIxNGYxMy4xJTIxM20zJTIxMW0yJTIxMXMweDE0Y2FiNjdiNWE2ZjZlMGIlMjUzQTB4NTJiZTIxMzBmZmZiOTgxMSUyMTJzV2luZG93aXN0JTJCVG93ZXIlMjE1ZTAlMjEzbTIlMjExc3RyJTIxMnN0ciUyMTR2MTU0NDUzNTIyMjIxOSUyMiUyMHdpZHRoJTNEJTIyODAwJTIyJTIwaGVpZ2h0JTNEJTIyNTQwJTIyJTIwZnJhbWVib3JkZXIlM0QlMjIwJTIyJTIwc3R5bGUlM0QlMjJib3JkZXIlM0EwJTIyJTIwYWxsb3dmdWxsc2NyZWVuJTNFJTNDJTJGaWZyYW1lJTNF[\/vc_raw_html][\/vc_column][\/vc_row][vc_section full_width=&#8221;stretch_row&#8221; css=&#8221;.vc_custom_1519729320894{margin-top: 0px !important;margin-bottom: 0px !important;padding-top: 0px !important;padding-bottom: 0px !important;background-color: #ffffff !important;background-position: center !important;background-repeat: no-repeat !important;background-size: cover !important;}&#8221;][vc_row full_width=&#8221;stretch_row&#8221; gap=&#8221;35&#8243; equal_height=&#8221;yes&#8221; css_animation=&#8221;none&#8221; css=&#8221;.vc_custom_1544450448684{margin-top: 0px !important;margin-right: -2px !important;margin-bottom: 0px !important;margin-left: -2px !important;padding-top: 35px !important;padding-bottom: 85px !important;background-color: #ffffff !important;}&#8221;][vc_column width=&#8221;1\/3&#8243; css=&#8221;.vc_custom_1528106829328{margin-top: 0px !important;margin-bottom: 0px !important;border-top-width: 1px !important;border-right-width: 1px !important;border-bottom-width: 1px !important;border-left-width: 1px !important;padding-top: 50px !important;padding-right: 20px !important;padding-bottom: 50px !important;padding-left: 20px !important;background-color: #ffffff !important;border-left-color: #d5d5d5 !important;border-left-style: solid !important;border-right-color: #d5d5d5 !important;border-right-style: solid !important;border-top-color: #d5d5d5 !important;border-top-style: solid !important;border-bottom-color: #d5d5d5 !important;border-bottom-style: solid !important;border-radius: 5px !important;}&#8221; el_class=&#8221;border-right&#8221;]<div class=\"radiantthemes-iconbox element-one  rt1689363908\"  data-border-radius=\"square\"><div class=\"radiantthemes-iconbox-holder  \"><i class=\"icofont icofont-phone\"><\/i> <\/div><\/div>[vc_custom_heading text=&#8221;\u0130leti\u015fim Bilgileri&#8221; font_container=&#8221;tag:p|font_size:15px|text_align:center|line_height:40px&#8221; use_theme_fonts=&#8221;yes&#8221; css=&#8221;.vc_custom_1548946522355{margin-top: 0px !important;margin-bottom: 0px !important;padding-top: 14px !important;padding-bottom: 0px !important;}&#8221; el_class=&#8221;font-weight-medium bold&#8221;][vc_custom_heading text=&#8221;T: +90 212 214 7979&#8243; font_container=&#8221;tag:p|font_size:16px|text_align:center|line_height:24px&#8221; use_theme_fonts=&#8221;yes&#8221; css=&#8221;.vc_custom_1548946531740{margin-top: 18px !important;margin-bottom: 0px !important;padding-top: 0px !important;padding-bottom: 0px !important;}&#8221; el_class=&#8221;font-weight-medium&#8221; link=&#8221;url:tel%3A(%2B90)2122147979|||&#8221;][vc_custom_heading text=&#8221;F: +90 212 214 7980&#8243; font_container=&#8221;tag:p|font_size:16px|text_align:center|line_height:24px&#8221; use_theme_fonts=&#8221;yes&#8221; css=&#8221;.vc_custom_1545209072958{margin-top: 18px !important;margin-bottom: 0px !important;padding-top: 0px !important;padding-bottom: 0px !important;}&#8221; el_class=&#8221;font-weight-medium&#8221; link=&#8221;|||&#8221;][\/vc_column][vc_column width=&#8221;1\/3&#8243; css=&#8221;.vc_custom_1528106823517{margin-top: 0px !important;margin-bottom: 0px !important;border-top-width: 1px !important;border-right-width: 1px !important;border-bottom-width: 1px !important;border-left-width: 1px !important;padding-top: 50px !important;padding-right: 20px !important;padding-bottom: 50px !important;padding-left: 20px !important;background-color: #ffffff !important;border-left-color: #d5d5d5 !important;border-left-style: solid !important;border-right-color: #d5d5d5 !important;border-right-style: solid !important;border-top-color: #d5d5d5 !important;border-top-style: solid !important;border-bottom-color: #d5d5d5 !important;border-bottom-style: solid !important;border-radius: 5px !important;}&#8221; el_class=&#8221;border-right&#8221;]<div class=\"radiantthemes-iconbox element-one  rt1721313129\"  data-border-radius=\"square\"><div class=\"radiantthemes-iconbox-holder  \"><i class=\"icofont icofont-envelope\"><\/i> <\/div><\/div>[vc_custom_heading text=&#8221;E-Posta&#8221; font_container=&#8221;tag:p|font_size:15px|text_align:center|line_height:40px&#8221; use_theme_fonts=&#8221;yes&#8221; css=&#8221;.vc_custom_1548946543563{margin-top: 0px !important;margin-bottom: 0px !important;padding-top: 14px !important;padding-bottom: 0px !important;}&#8221; el_class=&#8221;font-weight-medium bold&#8221;][vc_custom_heading text=&#8221;info@ygslaw.com&#8221; font_container=&#8221;tag:p|font_size:16px|text_align:center|line_height:24px&#8221; use_theme_fonts=&#8221;yes&#8221; css=&#8221;.vc_custom_1544535775187{margin-top: 18px !important;margin-bottom: 0px !important;padding-top: 0px !important;padding-bottom: 0px !important;}&#8221; el_class=&#8221;font-weight-medium&#8221; link=&#8221;url:mailto%3Ainfo%40ygslaw.com|||&#8221;][\/vc_column][vc_column width=&#8221;1\/3&#8243; css=&#8221;.vc_custom_1528107610161{margin-top: 0px !important;margin-bottom: 0px !important;border-top-width: 1px !important;border-right-width: 1px !important;border-bottom-width: 1px !important;border-left-width: 1px !important;padding-top: 50px !important;padding-right: 20px !important;padding-bottom: 60px !important;padding-left: 20px !important;border-left-color: #d5d5d5 !important;border-left-style: solid !important;border-right-color: #d5d5d5 !important;border-right-style: solid !important;border-top-color: #d5d5d5 !important;border-top-style: solid !important;border-bottom-color: #d5d5d5 !important;border-bottom-style: solid !important;border-radius: 5px !important;}&#8221;]<div class=\"radiantthemes-iconbox element-one  rt1303697735\"  data-border-radius=\"square\"><div class=\"radiantthemes-iconbox-holder  \"><i class=\"icofont icofont-location-pin\"><\/i> <\/div><\/div>[vc_custom_heading text=&#8221;Adres&#8221; font_container=&#8221;tag:p|font_size:15px|text_align:center|line_height:40px&#8221; use_theme_fonts=&#8221;yes&#8221; css=&#8221;.vc_custom_1548946552034{margin-top: 0px !important;margin-bottom: 0px !important;padding-top: 14px !important;padding-bottom: 0px !important;}&#8221; el_class=&#8221;font-weight-medium bold&#8221;][vc_custom_heading text=&#8221;Windowist Tower, Eski B\u00fcy\u00fckdere Cad. No:26, Kat:12, 34467, Maslak, Sar\u0131yer, \u0130stanbul&#8221; font_container=&#8221;tag:p|font_size:16px|text_align:center|line_height:24px&#8221; use_theme_fonts=&#8221;yes&#8221; css=&#8221;.vc_custom_1544535441085{margin-top: 18px !important;margin-bottom: 0px !important;padding-top: 0px !important;padding-bottom: 0px !important;}&#8221; el_class=&#8221;font-weight-medium&#8221;][\/vc_column][\/vc_row][\/vc_section][vc_row][vc_column][vc_raw_html]JTNDc2NyaXB0JTIwdHlwZSUzRCUyMnRleHQlMkZqYXZhc2NyaXB0JTIyJTNFJTIwJTBBJTBBalF1ZXJ5JTI4JTIycC50aXRsZSUyMiUyOS50ZXh0JTI4JTIyJUM0JUIwbGV0aSVDNSU5RmltJTIyJTI5JTNCJTBBJTBBJTIwJTNDJTJGc2NyaXB0JTNF[\/vc_raw_html][\/vc_column][\/vc_row]<\/p>\n<\/section>","protected":false},"excerpt":{"rendered":"<p>[vc_row gap=&#8221;25&#8243; css_animation=&#8221;none&#8221; css=&#8221;.vc_custom_1544450425697{margin-top: 0px !important;margin-right: -12px !important;margin-bottom: 0px !important;margin-left: -12px !important;padding-top: 100px !important;}&#8221;][vc_column width=&#8221;1\/2&#8243; css=&#8221;.vc_custom_1528096262393{margin-top: 0px !important;margin-bottom: 0px !important;border-top-width: 1px !important;border-right-width: 1px !important;border-bottom-width: 1px !important;border-left-width: 1px !important;padding-top: 30px !important;padding-right: 37px !important;padding-bottom: 37px !important;padding-left: 37px !important;background-color: #fbfbfb !important;border-left-color: #e6e5e5 !important;border-left-style: solid !important;border-right-color: #e6e5e5 !important;border-right-style: solid !important;border-top-color: #e6e5e5 !important;border-top-style: solid !important;border-bottom-color: #e6e5e5 !important;border-bottom-style: solid !important;}&#8221;][vc_custom_heading text=&#8221;Bize [&hellip;]<\/p>\n","protected":false},"author":1,"featured_media":0,"parent":0,"menu_order":0,"comment_status":"closed","ping_status":"closed","template":"","meta":{"footnotes":""},"yoast_head":"<!-- This site is optimized with the Yoast SEO plugin v24.5 - https:\/\/yoast.com\/wordpress\/plugins\/seo\/ -->\n<title>\u0130leti\u015fim | YGS Attorney Partnership<\/title>\n<meta name=\"description\" content=\"Y\u0131lmaz G\u00f6ksu Serdaro\u011flu Avukatl\u0131k Ortakl\u0131\u011f\u0131 \u0130leti\u015fim | Uluslararas\u0131 etkili ve g\u00fcvenilir hukuki \u00e7\u00f6z\u00fcmler i\u00e7in ileti\u015fime ge\u00e7in.\" \/>\n<meta name=\"robots\" content=\"index, follow, max-snippet:-1, max-image-preview:large, max-video-preview:-1\" \/>\n<link rel=\"canonical\" href=\"https:\/\/www.ygslaw.com\/tr\/iletisim\/\" \/>\n<meta property=\"og:locale\" content=\"tr_TR\" \/>\n<meta property=\"og:type\" content=\"article\" \/>\n<meta property=\"og:title\" content=\"\u0130leti\u015fim | YGS Attorney Partnership\" \/>\n<meta property=\"og:description\" content=\"Y\u0131lmaz G\u00f6ksu Serdaro\u011flu Avukatl\u0131k Ortakl\u0131\u011f\u0131 \u0130leti\u015fim | Uluslararas\u0131 etkili ve g\u00fcvenilir hukuki \u00e7\u00f6z\u00fcmler i\u00e7in ileti\u015fime ge\u00e7in.\" \/>\n<meta property=\"og:url\" content=\"https:\/\/www.ygslaw.com\/tr\/iletisim\/\" \/>\n<meta property=\"og:site_name\" content=\"YGS Attorney Partnership\" \/>\n<meta property=\"article:modified_time\" content=\"2019-03-18T06:46:09+00:00\" \/>\n<meta name=\"twitter:card\" content=\"summary_large_image\" \/>\n<meta name=\"twitter:label1\" content=\"Tahmini okuma s\u00fcresi\" \/>\n\t<meta name=\"twitter:data1\" content=\"6 dakika\" \/>\n<script type=\"application\/ld+json\" class=\"yoast-schema-graph\">{\"@context\":\"https:\/\/schema.org\",\"@graph\":[{\"@type\":\"WebPage\",\"@id\":\"https:\/\/www.ygslaw.com\/tr\/iletisim\/\",\"url\":\"https:\/\/www.ygslaw.com\/tr\/iletisim\/\",\"name\":\"\u0130leti\u015fim | YGS Attorney Partnership\",\"isPartOf\":{\"@id\":\"https:\/\/www.ygslaw.com\/#website\"},\"datePublished\":\"2019-01-31T14:55:25+00:00\",\"dateModified\":\"2019-03-18T06:46:09+00:00\",\"description\":\"Y\u0131lmaz G\u00f6ksu Serdaro\u011flu Avukatl\u0131k Ortakl\u0131\u011f\u0131 \u0130leti\u015fim | Uluslararas\u0131 etkili ve g\u00fcvenilir hukuki \u00e7\u00f6z\u00fcmler i\u00e7in ileti\u015fime ge\u00e7in.\",\"breadcrumb\":{\"@id\":\"https:\/\/www.ygslaw.com\/tr\/iletisim\/#breadcrumb\"},\"inLanguage\":\"tr\",\"potentialAction\":[{\"@type\":\"ReadAction\",\"target\":[\"https:\/\/www.ygslaw.com\/tr\/iletisim\/\"]}]},{\"@type\":\"BreadcrumbList\",\"@id\":\"https:\/\/www.ygslaw.com\/tr\/iletisim\/#breadcrumb\",\"itemListElement\":[{\"@type\":\"ListItem\",\"position\":1,\"name\":\"Home\",\"item\":\"https:\/\/www.ygslaw.com\/tr\/\"},{\"@type\":\"ListItem\",\"position\":2,\"name\":\"\u0130leti\u015fim\"}]},{\"@type\":\"WebSite\",\"@id\":\"https:\/\/www.ygslaw.com\/#website\",\"url\":\"https:\/\/www.ygslaw.com\/\",\"name\":\"YGS Attorney Partnership\",\"description\":\"\",\"publisher\":{\"@id\":\"https:\/\/www.ygslaw.com\/#organization\"},\"potentialAction\":[{\"@type\":\"SearchAction\",\"target\":{\"@type\":\"EntryPoint\",\"urlTemplate\":\"https:\/\/www.ygslaw.com\/?s={search_term_string}\"},\"query-input\":{\"@type\":\"PropertyValueSpecification\",\"valueRequired\":true,\"valueName\":\"search_term_string\"}}],\"inLanguage\":\"tr\"},{\"@type\":\"Organization\",\"@id\":\"https:\/\/www.ygslaw.com\/#organization\",\"name\":\"YGS Attorney Partnership\",\"url\":\"https:\/\/www.ygslaw.com\/\",\"logo\":{\"@type\":\"ImageObject\",\"inLanguage\":\"tr\",\"@id\":\"https:\/\/www.ygslaw.com\/#\/schema\/logo\/image\/\",\"url\":\"https:\/\/www.ygslaw.com\/wp-content\/uploads\/2018\/12\/ygs-law-logo.png\",\"contentUrl\":\"https:\/\/www.ygslaw.com\/wp-content\/uploads\/2018\/12\/ygs-law-logo.png\",\"width\":369,\"height\":114,\"caption\":\"YGS Attorney Partnership\"},\"image\":{\"@id\":\"https:\/\/www.ygslaw.com\/#\/schema\/logo\/image\/\"},\"sameAs\":[\"https:\/\/www.linkedin.com\/company\/ygs-attorney-partnership\"]}]}<\/script>\n<!-- \/ Yoast SEO plugin. -->","yoast_head_json":{"title":"\u0130leti\u015fim | YGS Attorney Partnership","description":"Y\u0131lmaz G\u00f6ksu Serdaro\u011flu Avukatl\u0131k Ortakl\u0131\u011f\u0131 \u0130leti\u015fim | Uluslararas\u0131 etkili ve g\u00fcvenilir hukuki \u00e7\u00f6z\u00fcmler i\u00e7in ileti\u015fime ge\u00e7in.","robots":{"index":"index","follow":"follow","max-snippet":"max-snippet:-1","max-image-preview":"max-image-preview:large","max-video-preview":"max-video-preview:-1"},"canonical":"https:\/\/www.ygslaw.com\/tr\/iletisim\/","og_locale":"tr_TR","og_type":"article","og_title":"\u0130leti\u015fim | YGS Attorney Partnership","og_description":"Y\u0131lmaz G\u00f6ksu Serdaro\u011flu Avukatl\u0131k Ortakl\u0131\u011f\u0131 \u0130leti\u015fim | Uluslararas\u0131 etkili ve g\u00fcvenilir hukuki \u00e7\u00f6z\u00fcmler i\u00e7in ileti\u015fime ge\u00e7in.","og_url":"https:\/\/www.ygslaw.com\/tr\/iletisim\/","og_site_name":"YGS Attorney Partnership","article_modified_time":"2019-03-18T06:46:09+00:00","twitter_card":"summary_large_image","twitter_misc":{"Tahmini okuma s\u00fcresi":"6 dakika"},"schema":{"@context":"https:\/\/schema.org","@graph":[{"@type":"WebPage","@id":"https:\/\/www.ygslaw.com\/tr\/iletisim\/","url":"https:\/\/www.ygslaw.com\/tr\/iletisim\/","name":"\u0130leti\u015fim | YGS Attorney Partnership","isPartOf":{"@id":"https:\/\/www.ygslaw.com\/#website"},"datePublished":"2019-01-31T14:55:25+00:00","dateModified":"2019-03-18T06:46:09+00:00","description":"Y\u0131lmaz G\u00f6ksu Serdaro\u011flu Avukatl\u0131k Ortakl\u0131\u011f\u0131 \u0130leti\u015fim | Uluslararas\u0131 etkili ve g\u00fcvenilir hukuki \u00e7\u00f6z\u00fcmler i\u00e7in ileti\u015fime ge\u00e7in.","breadcrumb":{"@id":"https:\/\/www.ygslaw.com\/tr\/iletisim\/#breadcrumb"},"inLanguage":"tr","potentialAction":[{"@type":"ReadAction","target":["https:\/\/www.ygslaw.com\/tr\/iletisim\/"]}]},{"@type":"BreadcrumbList","@id":"https:\/\/www.ygslaw.com\/tr\/iletisim\/#breadcrumb","itemListElement":[{"@type":"ListItem","position":1,"name":"Home","item":"https:\/\/www.ygslaw.com\/tr\/"},{"@type":"ListItem","position":2,"name":"\u0130leti\u015fim"}]},{"@type":"WebSite","@id":"https:\/\/www.ygslaw.com\/#website","url":"https:\/\/www.ygslaw.com\/","name":"YGS Attorney Partnership","description":"","publisher":{"@id":"https:\/\/www.ygslaw.com\/#organization"},"potentialAction":[{"@type":"SearchAction","target":{"@type":"EntryPoint","urlTemplate":"https:\/\/www.ygslaw.com\/?s={search_term_string}"},"query-input":{"@type":"PropertyValueSpecification","valueRequired":true,"valueName":"search_term_string"}}],"inLanguage":"tr"},{"@type":"Organization","@id":"https:\/\/www.ygslaw.com\/#organization","name":"YGS Attorney Partnership","url":"https:\/\/www.ygslaw.com\/","logo":{"@type":"ImageObject","inLanguage":"tr","@id":"https:\/\/www.ygslaw.com\/#\/schema\/logo\/image\/","url":"https:\/\/www.ygslaw.com\/wp-content\/uploads\/2018\/12\/ygs-law-logo.png","contentUrl":"https:\/\/www.ygslaw.com\/wp-content\/uploads\/2018\/12\/ygs-law-logo.png","width":369,"height":114,"caption":"YGS Attorney Partnership"},"image":{"@id":"https:\/\/www.ygslaw.com\/#\/schema\/logo\/image\/"},"sameAs":["https:\/\/www.linkedin.com\/company\/ygs-attorney-partnership"]}]}},"_links":{"self":[{"href":"https:\/\/www.ygslaw.com\/tr\/wp-json\/wp\/v2\/pages\/8954"}],"collection":[{"href":"https:\/\/www.ygslaw.com\/tr\/wp-json\/wp\/v2\/pages"}],"about":[{"href":"https:\/\/www.ygslaw.com\/tr\/wp-json\/wp\/v2\/types\/page"}],"author":[{"embeddable":true,"href":"https:\/\/www.ygslaw.com\/tr\/wp-json\/wp\/v2\/users\/1"}],"replies":[{"embeddable":true,"href":"https:\/\/www.ygslaw.com\/tr\/wp-json\/wp\/v2\/comments?post=8954"}],"version-history":[{"count":0,"href":"https:\/\/www.ygslaw.com\/tr\/wp-json\/wp\/v2\/pages\/8954\/revisions"}],"wp:attachment":[{"href":"https:\/\/www.ygslaw.com\/tr\/wp-json\/wp\/v2\/media?parent=8954"}],"curies":[{"name":"wp","href":"https:\/\/api.w.org\/{rel}","templated":true}]}}