{"id":8916,"date":"2019-01-30T16:53:21","date_gmt":"2019-01-30T16:53:21","guid":{"rendered":"https:\/\/www.ygslaw.com\/?page_id=8916"},"modified":"2019-03-18T06:48:20","modified_gmt":"2019-03-18T06:48:20","slug":"kariyer","status":"publish","type":"page","link":"https:\/\/www.ygslaw.com\/tr\/kariyer\/","title":{"rendered":"Kariyer"},"content":{"rendered":"<section class=\"wpb-content-wrapper\"><p>[vc_section full_width=&#8221;stretch_row&#8221; css=&#8221;.vc_custom_1527767850756{margin-top: 0px !important;margin-bottom: 0px !important;padding-top: 90px !important;padding-bottom: 75px !important;}&#8221;][vc_row][vc_column][vc_column_text]Y\u0131lmaz G\u00f6ksu Serdaro\u011flu Avukatl\u0131k Ortakl\u0131\u011f\u0131 olarak ba\u015far\u0131lar\u0131m\u0131z\u0131n en \u00f6nemli unsurunun ekibimiz oldu\u011funa inan\u0131yoruz. F\u0131rsat ve deneyime ihtiya\u00e7 duyan meslekta\u015flar\u0131m\u0131z\u0131\u00a0bizimle beraber karma\u015f\u0131k, zorlu ve ilgi \u00e7ekici proje ve g\u00f6revlerimizde \u00e7al\u0131\u015fmak i\u00e7in ekibimize katmak isteriz.<\/p>\n<p>&nbsp;<\/p>\n<p>Yaz stajyeri, yasal stajyer ve her kademeden avukat pozisyonlar\u0131 i\u00e7in ba\u015fvurular\u0131 de\u011ferlendirmekteyiz.<\/p>\n<p>&nbsp;<\/p>\n<p>\u0130\u015fe al\u0131mlarda dikkat etti\u011fimiz ba\u015fl\u0131ca kriterler:<\/p>\n<p>&nbsp;<\/p>\n<p>\u00b7\u00a0 \u00a0 \u0130leri derecede ileti\u015fim ve uyum becerisi;<\/p>\n<p>\u00b7\u00a0 \u00a0 Dinamik, yo\u011fun ve m\u00fccadeleci bir ofis ortam\u0131nda \u00e7al\u0131\u015fma iste\u011fi;<\/p>\n<p>\u00b7\u00a0 \u00a0 M\u00fckemmel derecede \u0130ngilizce yaz\u0131 ve konu\u015fma seviyesi; ve<\/p>\n<p>\u00b7\u00a0 \u00a0 Ba\u015far\u0131l\u0131 akademik derece.<\/p>\n<p>&nbsp;<\/p>\n<p>Ba\u015fvurular\u0131n\u0131z i\u00e7in <a href=\"mailto:info@ygslaw.com\">info@ygslaw.com<\/a> adresinden bize ula\u015fabilirsiniz.[\/vc_column_text][\/vc_column][\/vc_row][\/vc_section][vc_row][vc_column][vc_raw_js]JTNDc3R5bGUlM0UlMEElMEEud3JhcGVyX2lubmVyX2Jhbm5lciUyMCU3QiUwQSUyMCUyMCUyMCUyMGJhY2tncm91bmQtaW1hZ2UlM0ElMjB1cmwlMjhodHRwJTNBJTJGJTJGeWdzbGF3LmNvbSUyRndwLWNvbnRlbnQlMkZ1cGxvYWRzJTJGMjAxOCUyRjEyJTJGeWdzLWxhdy13aG8td2UtYXJlLWltYWdlcy0xMDI0eDUxMi0xLmpwZyUyOSUyMCUyMWltcG9ydGFudCUzQiUwQSU3RCUwQSUwQS5lbnRyeS1jb250ZW50JTIwJTdCJTBBJTIwJTIwJTIwJTIwbWFyZ2luJTNBJTIwLTMwcHglMjAwJTNCJTBBJTdEJTBBJTBBJTNDJTJGc3R5bGUlM0UlMEElMEElM0NzY3JpcHQlMjB0eXBlJTNEJTIydGV4dCUyRmphdmFzY3JpcHQlMjIlM0UlMjAlMEElMEFqUXVlcnklMjglMjJwLnRpdGxlJTIyJTI5LnRleHQlMjglMjJLYXJpeWVyJTIyJTI5JTNCJTBBJTBBJTIwJTNDJTJGc2NyaXB0JTNF[\/vc_raw_js][\/vc_column][\/vc_row]<\/p>\n<\/section>","protected":false},"excerpt":{"rendered":"<p>[vc_section full_width=&#8221;stretch_row&#8221; css=&#8221;.vc_custom_1527767850756{margin-top: 0px !important;margin-bottom: 0px !important;padding-top: 90px !important;padding-bottom: 75px !important;}&#8221;][vc_row][vc_column][vc_column_text]Y\u0131lmaz G\u00f6ksu Serdaro\u011flu Avukatl\u0131k Ortakl\u0131\u011f\u0131 olarak ba\u015far\u0131lar\u0131m\u0131z\u0131n en \u00f6nemli unsurunun ekibimiz oldu\u011funa inan\u0131yoruz. F\u0131rsat ve deneyime ihtiya\u00e7 duyan meslekta\u015flar\u0131m\u0131z\u0131\u00a0bizimle beraber karma\u015f\u0131k, zorlu ve ilgi \u00e7ekici proje ve g\u00f6revlerimizde \u00e7al\u0131\u015fmak i\u00e7in ekibimize katmak isteriz. &nbsp; Yaz stajyeri, yasal stajyer ve her kademeden avukat pozisyonlar\u0131 i\u00e7in ba\u015fvurular\u0131 [&hellip;]<\/p>\n","protected":false},"author":1,"featured_media":0,"parent":0,"menu_order":0,"comment_status":"closed","ping_status":"closed","template":"","meta":{"footnotes":""},"yoast_head":"<!-- This site is optimized with the Yoast SEO plugin v24.5 - https:\/\/yoast.com\/wordpress\/plugins\/seo\/ -->\n<title>Kariyer | YGS Attorney Partnership<\/title>\n<meta name=\"description\" content=\"Kariyer | Y\u0131lmaz G\u00f6ksu Serdaro\u011flu Avukatl\u0131k Ortakl\u0131\u011f\u0131 olarak f\u0131rsat ve deneyime ihtiya\u00e7 duyan meslekta\u015flar\u0131m\u0131z\u0131 ekibimize katmak isteriz.\" \/>\n<meta name=\"robots\" content=\"index, follow, max-snippet:-1, max-image-preview:large, max-video-preview:-1\" \/>\n<link rel=\"canonical\" href=\"https:\/\/www.ygslaw.com\/tr\/kariyer\/\" \/>\n<meta property=\"og:locale\" content=\"tr_TR\" \/>\n<meta property=\"og:type\" content=\"article\" \/>\n<meta property=\"og:title\" content=\"Kariyer | YGS Attorney Partnership\" \/>\n<meta property=\"og:description\" content=\"Kariyer | Y\u0131lmaz G\u00f6ksu Serdaro\u011flu Avukatl\u0131k Ortakl\u0131\u011f\u0131 olarak f\u0131rsat ve deneyime ihtiya\u00e7 duyan meslekta\u015flar\u0131m\u0131z\u0131 ekibimize katmak isteriz.\" \/>\n<meta property=\"og:url\" content=\"https:\/\/www.ygslaw.com\/tr\/kariyer\/\" \/>\n<meta property=\"og:site_name\" content=\"YGS Attorney Partnership\" \/>\n<meta property=\"article:modified_time\" content=\"2019-03-18T06:48:20+00:00\" \/>\n<meta name=\"twitter:card\" content=\"summary_large_image\" \/>\n<meta name=\"twitter:label1\" content=\"Tahmini okuma s\u00fcresi\" \/>\n\t<meta name=\"twitter:data1\" content=\"1 dakika\" \/>\n<script type=\"application\/ld+json\" class=\"yoast-schema-graph\">{\"@context\":\"https:\/\/schema.org\",\"@graph\":[{\"@type\":\"WebPage\",\"@id\":\"https:\/\/www.ygslaw.com\/tr\/kariyer\/\",\"url\":\"https:\/\/www.ygslaw.com\/tr\/kariyer\/\",\"name\":\"Kariyer | YGS Attorney Partnership\",\"isPartOf\":{\"@id\":\"https:\/\/www.ygslaw.com\/#website\"},\"datePublished\":\"2019-01-30T16:53:21+00:00\",\"dateModified\":\"2019-03-18T06:48:20+00:00\",\"description\":\"Kariyer | Y\u0131lmaz G\u00f6ksu Serdaro\u011flu Avukatl\u0131k Ortakl\u0131\u011f\u0131 olarak f\u0131rsat ve deneyime ihtiya\u00e7 duyan meslekta\u015flar\u0131m\u0131z\u0131 ekibimize katmak isteriz.\",\"breadcrumb\":{\"@id\":\"https:\/\/www.ygslaw.com\/tr\/kariyer\/#breadcrumb\"},\"inLanguage\":\"tr\",\"potentialAction\":[{\"@type\":\"ReadAction\",\"target\":[\"https:\/\/www.ygslaw.com\/tr\/kariyer\/\"]}]},{\"@type\":\"BreadcrumbList\",\"@id\":\"https:\/\/www.ygslaw.com\/tr\/kariyer\/#breadcrumb\",\"itemListElement\":[{\"@type\":\"ListItem\",\"position\":1,\"name\":\"Home\",\"item\":\"https:\/\/www.ygslaw.com\/tr\/\"},{\"@type\":\"ListItem\",\"position\":2,\"name\":\"Kariyer\"}]},{\"@type\":\"WebSite\",\"@id\":\"https:\/\/www.ygslaw.com\/#website\",\"url\":\"https:\/\/www.ygslaw.com\/\",\"name\":\"YGS Attorney Partnership\",\"description\":\"\",\"publisher\":{\"@id\":\"https:\/\/www.ygslaw.com\/#organization\"},\"potentialAction\":[{\"@type\":\"SearchAction\",\"target\":{\"@type\":\"EntryPoint\",\"urlTemplate\":\"https:\/\/www.ygslaw.com\/?s={search_term_string}\"},\"query-input\":{\"@type\":\"PropertyValueSpecification\",\"valueRequired\":true,\"valueName\":\"search_term_string\"}}],\"inLanguage\":\"tr\"},{\"@type\":\"Organization\",\"@id\":\"https:\/\/www.ygslaw.com\/#organization\",\"name\":\"YGS Attorney Partnership\",\"url\":\"https:\/\/www.ygslaw.com\/\",\"logo\":{\"@type\":\"ImageObject\",\"inLanguage\":\"tr\",\"@id\":\"https:\/\/www.ygslaw.com\/#\/schema\/logo\/image\/\",\"url\":\"https:\/\/www.ygslaw.com\/wp-content\/uploads\/2018\/12\/ygs-law-logo.png\",\"contentUrl\":\"https:\/\/www.ygslaw.com\/wp-content\/uploads\/2018\/12\/ygs-law-logo.png\",\"width\":369,\"height\":114,\"caption\":\"YGS Attorney Partnership\"},\"image\":{\"@id\":\"https:\/\/www.ygslaw.com\/#\/schema\/logo\/image\/\"},\"sameAs\":[\"https:\/\/www.linkedin.com\/company\/ygs-attorney-partnership\"]}]}<\/script>\n<!-- \/ Yoast SEO plugin. -->","yoast_head_json":{"title":"Kariyer | YGS Attorney Partnership","description":"Kariyer | Y\u0131lmaz G\u00f6ksu Serdaro\u011flu Avukatl\u0131k Ortakl\u0131\u011f\u0131 olarak f\u0131rsat ve deneyime ihtiya\u00e7 duyan meslekta\u015flar\u0131m\u0131z\u0131 ekibimize katmak isteriz.","robots":{"index":"index","follow":"follow","max-snippet":"max-snippet:-1","max-image-preview":"max-image-preview:large","max-video-preview":"max-video-preview:-1"},"canonical":"https:\/\/www.ygslaw.com\/tr\/kariyer\/","og_locale":"tr_TR","og_type":"article","og_title":"Kariyer | YGS Attorney Partnership","og_description":"Kariyer | Y\u0131lmaz G\u00f6ksu Serdaro\u011flu Avukatl\u0131k Ortakl\u0131\u011f\u0131 olarak f\u0131rsat ve deneyime ihtiya\u00e7 duyan meslekta\u015flar\u0131m\u0131z\u0131 ekibimize katmak isteriz.","og_url":"https:\/\/www.ygslaw.com\/tr\/kariyer\/","og_site_name":"YGS Attorney Partnership","article_modified_time":"2019-03-18T06:48:20+00:00","twitter_card":"summary_large_image","twitter_misc":{"Tahmini okuma s\u00fcresi":"1 dakika"},"schema":{"@context":"https:\/\/schema.org","@graph":[{"@type":"WebPage","@id":"https:\/\/www.ygslaw.com\/tr\/kariyer\/","url":"https:\/\/www.ygslaw.com\/tr\/kariyer\/","name":"Kariyer | YGS Attorney Partnership","isPartOf":{"@id":"https:\/\/www.ygslaw.com\/#website"},"datePublished":"2019-01-30T16:53:21+00:00","dateModified":"2019-03-18T06:48:20+00:00","description":"Kariyer | Y\u0131lmaz G\u00f6ksu Serdaro\u011flu Avukatl\u0131k Ortakl\u0131\u011f\u0131 olarak f\u0131rsat ve deneyime ihtiya\u00e7 duyan meslekta\u015flar\u0131m\u0131z\u0131 ekibimize katmak isteriz.","breadcrumb":{"@id":"https:\/\/www.ygslaw.com\/tr\/kariyer\/#breadcrumb"},"inLanguage":"tr","potentialAction":[{"@type":"ReadAction","target":["https:\/\/www.ygslaw.com\/tr\/kariyer\/"]}]},{"@type":"BreadcrumbList","@id":"https:\/\/www.ygslaw.com\/tr\/kariyer\/#breadcrumb","itemListElement":[{"@type":"ListItem","position":1,"name":"Home","item":"https:\/\/www.ygslaw.com\/tr\/"},{"@type":"ListItem","position":2,"name":"Kariyer"}]},{"@type":"WebSite","@id":"https:\/\/www.ygslaw.com\/#website","url":"https:\/\/www.ygslaw.com\/","name":"YGS Attorney Partnership","description":"","publisher":{"@id":"https:\/\/www.ygslaw.com\/#organization"},"potentialAction":[{"@type":"SearchAction","target":{"@type":"EntryPoint","urlTemplate":"https:\/\/www.ygslaw.com\/?s={search_term_string}"},"query-input":{"@type":"PropertyValueSpecification","valueRequired":true,"valueName":"search_term_string"}}],"inLanguage":"tr"},{"@type":"Organization","@id":"https:\/\/www.ygslaw.com\/#organization","name":"YGS Attorney Partnership","url":"https:\/\/www.ygslaw.com\/","logo":{"@type":"ImageObject","inLanguage":"tr","@id":"https:\/\/www.ygslaw.com\/#\/schema\/logo\/image\/","url":"https:\/\/www.ygslaw.com\/wp-content\/uploads\/2018\/12\/ygs-law-logo.png","contentUrl":"https:\/\/www.ygslaw.com\/wp-content\/uploads\/2018\/12\/ygs-law-logo.png","width":369,"height":114,"caption":"YGS Attorney Partnership"},"image":{"@id":"https:\/\/www.ygslaw.com\/#\/schema\/logo\/image\/"},"sameAs":["https:\/\/www.linkedin.com\/company\/ygs-attorney-partnership"]}]}},"_links":{"self":[{"href":"https:\/\/www.ygslaw.com\/tr\/wp-json\/wp\/v2\/pages\/8916"}],"collection":[{"href":"https:\/\/www.ygslaw.com\/tr\/wp-json\/wp\/v2\/pages"}],"about":[{"href":"https:\/\/www.ygslaw.com\/tr\/wp-json\/wp\/v2\/types\/page"}],"author":[{"embeddable":true,"href":"https:\/\/www.ygslaw.com\/tr\/wp-json\/wp\/v2\/users\/1"}],"replies":[{"embeddable":true,"href":"https:\/\/www.ygslaw.com\/tr\/wp-json\/wp\/v2\/comments?post=8916"}],"version-history":[{"count":0,"href":"https:\/\/www.ygslaw.com\/tr\/wp-json\/wp\/v2\/pages\/8916\/revisions"}],"wp:attachment":[{"href":"https:\/\/www.ygslaw.com\/tr\/wp-json\/wp\/v2\/media?parent=8916"}],"curies":[{"name":"wp","href":"https:\/\/api.w.org\/{rel}","templated":true}]}}