{"id":8856,"date":"2019-01-30T15:24:27","date_gmt":"2019-01-30T15:24:27","guid":{"rendered":"https:\/\/www.ygslaw.com\/?page_id=8856"},"modified":"2022-02-25T11:04:17","modified_gmt":"2022-02-25T11:04:17","slug":"hakkimizda","status":"publish","type":"page","link":"https:\/\/www.ygslaw.com\/tr\/hakkimizda\/","title":{"rendered":"Hakk\u0131m\u0131zda"},"content":{"rendered":"<section class=\"wpb-content-wrapper\"><p>[vc_row full_width=&#8221;stretch_row&#8221; css=&#8221;.vc_custom_1645787052982{padding-top: 50px !important;padding-bottom: 50px !important;background-position: center !important;background-repeat: no-repeat !important;background-size: cover !important;}&#8221; el_class=&#8221;justify&#8221;][vc_column el_class=&#8221;justify&#8221;][vc_column_text]Y\u0131lmaz G\u00f6ksu Serdaro\u011flu Avukatl\u0131k Ortakl\u0131\u011f\u0131 yerli ve yabanc\u0131 yat\u0131r\u0131mc\u0131 ve \u015firketlere etkili ve g\u00fcvenilir hukuki \u00e7\u00f6z\u00fcmler sa\u011flayan uluslararas\u0131 tecr\u00fcbeye sahip bir hukuk b\u00fcrosudur.<\/p>\n<p>Y\u0131lmaz G\u00f6ksu Serdaro\u011flu Avukatl\u0131k Ortakl\u0131\u011f\u0131 olarak \u00e7e\u015fitli sekt\u00f6rlerde faaliyet g\u00f6steren m\u00fcvekkillerimize, g\u00fcnl\u00fck i\u015fleyi\u015flerinden kritik projelerine kadar geni\u015f bir spektrum i\u00e7erisinde ihtiya\u00e7 duyduklar\u0131 hukuki hizmetleri, m\u00fcvekkillerimizle yak\u0131n ili\u015fki ve i\u015f birli\u011fi i\u00e7erisinde sunuyor ve m\u00fcvekkillerimizin ticari ama\u00e7lar\u0131 do\u011frultusunda ihtiya\u00e7lar\u0131n\u0131 en iyi \u015fekilde kar\u015f\u0131layacak, pratik ve ekonomik \u00e7\u00f6z\u00fcmler \u00fcretiyoruz.<\/p>\n<p style=\"text-align: justify;\">Yapt\u0131\u011f\u0131m\u0131z i\u015fin m\u00fcvekkillerimizin hukuki g\u00fcvenli\u011fi ve ticari ba\u015far\u0131s\u0131na katk\u0131s\u0131 yan\u0131nda ki\u015fisel, profesyonel, toplumsal ve ekonomik \u00f6l\u00e7ekte de sonu\u00e7lar do\u011furdu\u011funun bilincindeyiz. Bu ba\u011flamda, i\u015fimizi, profesyonel etik ve m\u00fckemmeliyet prensipleri do\u011frultusunda yap\u0131yoruz.<\/p>\n<p>[\/vc_column_text][vc_raw_html]JTNDc3R5bGUlM0UlMEElMEEud3JhcGVyX2lubmVyX2Jhbm5lciUyMCU3QiUwQSUyMCUyMCUyMCUyMGJhY2tncm91bmQtaW1hZ2UlM0ElMjB1cmwlMjhodHRwJTNBJTJGJTJGeWdzbGF3LmNvbSUyRndwLWNvbnRlbnQlMkZ1cGxvYWRzJTJGMjAxOCUyRjEyJTJGeWdzLWxhdy13aG8td2UtYXJlLWltYWdlcy0xMDI0eDUxMi0xLmpwZyUyOSUyMCUyMWltcG9ydGFudCUzQiUwQSU3RCUwQSUwQSUzQyUyRnN0eWxlJTNFJTBBJTNDc2NyaXB0JTIwdHlwZSUzRCUyMnRleHQlMkZqYXZhc2NyaXB0JTIyJTNFJTIwJTBBJTBBalF1ZXJ5JTI4JTIycC50aXRsZSUyMiUyOS50ZXh0JTI4JTIySGFrayVDNCVCMW0lQzQlQjF6ZGElMjIlMjklM0IlMEElMEElMjAlM0MlMkZzY3JpcHQlM0U=[\/vc_raw_html][\/vc_column][\/vc_row]<\/p>\n<\/section>","protected":false},"excerpt":{"rendered":"<p>[vc_row full_width=&#8221;stretch_row&#8221; css=&#8221;.vc_custom_1645787052982{padding-top: 50px !important;padding-bottom: 50px !important;background-position: center !important;background-repeat: no-repeat !important;background-size: cover !important;}&#8221; el_class=&#8221;justify&#8221;][vc_column el_class=&#8221;justify&#8221;][vc_column_text]Y\u0131lmaz G\u00f6ksu Serdaro\u011flu Avukatl\u0131k Ortakl\u0131\u011f\u0131 yerli ve yabanc\u0131 yat\u0131r\u0131mc\u0131 ve \u015firketlere etkili ve g\u00fcvenilir hukuki \u00e7\u00f6z\u00fcmler sa\u011flayan uluslararas\u0131 tecr\u00fcbeye sahip bir hukuk b\u00fcrosudur. Y\u0131lmaz G\u00f6ksu Serdaro\u011flu Avukatl\u0131k Ortakl\u0131\u011f\u0131 olarak \u00e7e\u015fitli sekt\u00f6rlerde faaliyet g\u00f6steren m\u00fcvekkillerimize, g\u00fcnl\u00fck i\u015fleyi\u015flerinden kritik projelerine kadar geni\u015f bir [&hellip;]<\/p>\n","protected":false},"author":1,"featured_media":0,"parent":0,"menu_order":0,"comment_status":"closed","ping_status":"closed","template":"","meta":{"footnotes":""},"yoast_head":"<!-- This site is optimized with the Yoast SEO plugin v24.5 - https:\/\/yoast.com\/wordpress\/plugins\/seo\/ -->\n<title>Hakk\u0131m\u0131zda | YGS Attorney Partnership<\/title>\n<meta name=\"description\" content=\"Y\u0131lmaz G\u00f6ksu Serdaro\u011flu Avukatl\u0131k Ortakl\u0131\u011f\u0131 Hakk\u0131m\u0131zda | Yerli ve yabanc\u0131 yat\u0131r\u0131mc\u0131 ve \u015firketlere hukuki \u00e7\u00f6z\u00fcm sa\u011flayan hukuk b\u00fcrosudur.\" \/>\n<meta name=\"robots\" content=\"index, follow, max-snippet:-1, max-image-preview:large, max-video-preview:-1\" \/>\n<link rel=\"canonical\" href=\"https:\/\/www.ygslaw.com\/tr\/hakkimizda\/\" \/>\n<meta property=\"og:locale\" content=\"tr_TR\" \/>\n<meta property=\"og:type\" content=\"article\" \/>\n<meta property=\"og:title\" content=\"Hakk\u0131m\u0131zda | YGS Attorney Partnership\" \/>\n<meta property=\"og:description\" content=\"Y\u0131lmaz G\u00f6ksu Serdaro\u011flu Avukatl\u0131k Ortakl\u0131\u011f\u0131 Hakk\u0131m\u0131zda | Yerli ve yabanc\u0131 yat\u0131r\u0131mc\u0131 ve \u015firketlere hukuki \u00e7\u00f6z\u00fcm sa\u011flayan hukuk b\u00fcrosudur.\" \/>\n<meta property=\"og:url\" content=\"https:\/\/www.ygslaw.com\/tr\/hakkimizda\/\" \/>\n<meta property=\"og:site_name\" content=\"YGS Attorney Partnership\" \/>\n<meta property=\"article:modified_time\" content=\"2022-02-25T11:04:17+00:00\" \/>\n<meta name=\"twitter:card\" content=\"summary_large_image\" \/>\n<meta name=\"twitter:label1\" content=\"Tahmini okuma s\u00fcresi\" \/>\n\t<meta name=\"twitter:data1\" content=\"1 dakika\" \/>\n<script type=\"application\/ld+json\" class=\"yoast-schema-graph\">{\"@context\":\"https:\/\/schema.org\",\"@graph\":[{\"@type\":\"WebPage\",\"@id\":\"https:\/\/www.ygslaw.com\/tr\/hakkimizda\/\",\"url\":\"https:\/\/www.ygslaw.com\/tr\/hakkimizda\/\",\"name\":\"Hakk\u0131m\u0131zda | YGS Attorney Partnership\",\"isPartOf\":{\"@id\":\"https:\/\/www.ygslaw.com\/#website\"},\"datePublished\":\"2019-01-30T15:24:27+00:00\",\"dateModified\":\"2022-02-25T11:04:17+00:00\",\"description\":\"Y\u0131lmaz G\u00f6ksu Serdaro\u011flu Avukatl\u0131k Ortakl\u0131\u011f\u0131 Hakk\u0131m\u0131zda | Yerli ve yabanc\u0131 yat\u0131r\u0131mc\u0131 ve \u015firketlere hukuki \u00e7\u00f6z\u00fcm sa\u011flayan hukuk b\u00fcrosudur.\",\"breadcrumb\":{\"@id\":\"https:\/\/www.ygslaw.com\/tr\/hakkimizda\/#breadcrumb\"},\"inLanguage\":\"tr\",\"potentialAction\":[{\"@type\":\"ReadAction\",\"target\":[\"https:\/\/www.ygslaw.com\/tr\/hakkimizda\/\"]}]},{\"@type\":\"BreadcrumbList\",\"@id\":\"https:\/\/www.ygslaw.com\/tr\/hakkimizda\/#breadcrumb\",\"itemListElement\":[{\"@type\":\"ListItem\",\"position\":1,\"name\":\"Home\",\"item\":\"https:\/\/www.ygslaw.com\/tr\/\"},{\"@type\":\"ListItem\",\"position\":2,\"name\":\"Hakk\u0131m\u0131zda\"}]},{\"@type\":\"WebSite\",\"@id\":\"https:\/\/www.ygslaw.com\/#website\",\"url\":\"https:\/\/www.ygslaw.com\/\",\"name\":\"YGS Attorney Partnership\",\"description\":\"\",\"publisher\":{\"@id\":\"https:\/\/www.ygslaw.com\/#organization\"},\"potentialAction\":[{\"@type\":\"SearchAction\",\"target\":{\"@type\":\"EntryPoint\",\"urlTemplate\":\"https:\/\/www.ygslaw.com\/?s={search_term_string}\"},\"query-input\":{\"@type\":\"PropertyValueSpecification\",\"valueRequired\":true,\"valueName\":\"search_term_string\"}}],\"inLanguage\":\"tr\"},{\"@type\":\"Organization\",\"@id\":\"https:\/\/www.ygslaw.com\/#organization\",\"name\":\"YGS Attorney Partnership\",\"url\":\"https:\/\/www.ygslaw.com\/\",\"logo\":{\"@type\":\"ImageObject\",\"inLanguage\":\"tr\",\"@id\":\"https:\/\/www.ygslaw.com\/#\/schema\/logo\/image\/\",\"url\":\"https:\/\/www.ygslaw.com\/wp-content\/uploads\/2018\/12\/ygs-law-logo.png\",\"contentUrl\":\"https:\/\/www.ygslaw.com\/wp-content\/uploads\/2018\/12\/ygs-law-logo.png\",\"width\":369,\"height\":114,\"caption\":\"YGS Attorney Partnership\"},\"image\":{\"@id\":\"https:\/\/www.ygslaw.com\/#\/schema\/logo\/image\/\"},\"sameAs\":[\"https:\/\/www.linkedin.com\/company\/ygs-attorney-partnership\"]}]}<\/script>\n<!-- \/ Yoast SEO plugin. -->","yoast_head_json":{"title":"Hakk\u0131m\u0131zda | YGS Attorney Partnership","description":"Y\u0131lmaz G\u00f6ksu Serdaro\u011flu Avukatl\u0131k Ortakl\u0131\u011f\u0131 Hakk\u0131m\u0131zda | Yerli ve yabanc\u0131 yat\u0131r\u0131mc\u0131 ve \u015firketlere hukuki \u00e7\u00f6z\u00fcm sa\u011flayan hukuk b\u00fcrosudur.","robots":{"index":"index","follow":"follow","max-snippet":"max-snippet:-1","max-image-preview":"max-image-preview:large","max-video-preview":"max-video-preview:-1"},"canonical":"https:\/\/www.ygslaw.com\/tr\/hakkimizda\/","og_locale":"tr_TR","og_type":"article","og_title":"Hakk\u0131m\u0131zda | YGS Attorney Partnership","og_description":"Y\u0131lmaz G\u00f6ksu Serdaro\u011flu Avukatl\u0131k Ortakl\u0131\u011f\u0131 Hakk\u0131m\u0131zda | Yerli ve yabanc\u0131 yat\u0131r\u0131mc\u0131 ve \u015firketlere hukuki \u00e7\u00f6z\u00fcm sa\u011flayan hukuk b\u00fcrosudur.","og_url":"https:\/\/www.ygslaw.com\/tr\/hakkimizda\/","og_site_name":"YGS Attorney Partnership","article_modified_time":"2022-02-25T11:04:17+00:00","twitter_card":"summary_large_image","twitter_misc":{"Tahmini okuma s\u00fcresi":"1 dakika"},"schema":{"@context":"https:\/\/schema.org","@graph":[{"@type":"WebPage","@id":"https:\/\/www.ygslaw.com\/tr\/hakkimizda\/","url":"https:\/\/www.ygslaw.com\/tr\/hakkimizda\/","name":"Hakk\u0131m\u0131zda | YGS Attorney Partnership","isPartOf":{"@id":"https:\/\/www.ygslaw.com\/#website"},"datePublished":"2019-01-30T15:24:27+00:00","dateModified":"2022-02-25T11:04:17+00:00","description":"Y\u0131lmaz G\u00f6ksu Serdaro\u011flu Avukatl\u0131k Ortakl\u0131\u011f\u0131 Hakk\u0131m\u0131zda | Yerli ve yabanc\u0131 yat\u0131r\u0131mc\u0131 ve \u015firketlere hukuki \u00e7\u00f6z\u00fcm sa\u011flayan hukuk b\u00fcrosudur.","breadcrumb":{"@id":"https:\/\/www.ygslaw.com\/tr\/hakkimizda\/#breadcrumb"},"inLanguage":"tr","potentialAction":[{"@type":"ReadAction","target":["https:\/\/www.ygslaw.com\/tr\/hakkimizda\/"]}]},{"@type":"BreadcrumbList","@id":"https:\/\/www.ygslaw.com\/tr\/hakkimizda\/#breadcrumb","itemListElement":[{"@type":"ListItem","position":1,"name":"Home","item":"https:\/\/www.ygslaw.com\/tr\/"},{"@type":"ListItem","position":2,"name":"Hakk\u0131m\u0131zda"}]},{"@type":"WebSite","@id":"https:\/\/www.ygslaw.com\/#website","url":"https:\/\/www.ygslaw.com\/","name":"YGS Attorney Partnership","description":"","publisher":{"@id":"https:\/\/www.ygslaw.com\/#organization"},"potentialAction":[{"@type":"SearchAction","target":{"@type":"EntryPoint","urlTemplate":"https:\/\/www.ygslaw.com\/?s={search_term_string}"},"query-input":{"@type":"PropertyValueSpecification","valueRequired":true,"valueName":"search_term_string"}}],"inLanguage":"tr"},{"@type":"Organization","@id":"https:\/\/www.ygslaw.com\/#organization","name":"YGS Attorney Partnership","url":"https:\/\/www.ygslaw.com\/","logo":{"@type":"ImageObject","inLanguage":"tr","@id":"https:\/\/www.ygslaw.com\/#\/schema\/logo\/image\/","url":"https:\/\/www.ygslaw.com\/wp-content\/uploads\/2018\/12\/ygs-law-logo.png","contentUrl":"https:\/\/www.ygslaw.com\/wp-content\/uploads\/2018\/12\/ygs-law-logo.png","width":369,"height":114,"caption":"YGS Attorney Partnership"},"image":{"@id":"https:\/\/www.ygslaw.com\/#\/schema\/logo\/image\/"},"sameAs":["https:\/\/www.linkedin.com\/company\/ygs-attorney-partnership"]}]}},"_links":{"self":[{"href":"https:\/\/www.ygslaw.com\/tr\/wp-json\/wp\/v2\/pages\/8856"}],"collection":[{"href":"https:\/\/www.ygslaw.com\/tr\/wp-json\/wp\/v2\/pages"}],"about":[{"href":"https:\/\/www.ygslaw.com\/tr\/wp-json\/wp\/v2\/types\/page"}],"author":[{"embeddable":true,"href":"https:\/\/www.ygslaw.com\/tr\/wp-json\/wp\/v2\/users\/1"}],"replies":[{"embeddable":true,"href":"https:\/\/www.ygslaw.com\/tr\/wp-json\/wp\/v2\/comments?post=8856"}],"version-history":[{"count":1,"href":"https:\/\/www.ygslaw.com\/tr\/wp-json\/wp\/v2\/pages\/8856\/revisions"}],"predecessor-version":[{"id":9116,"href":"https:\/\/www.ygslaw.com\/tr\/wp-json\/wp\/v2\/pages\/8856\/revisions\/9116"}],"wp:attachment":[{"href":"https:\/\/www.ygslaw.com\/tr\/wp-json\/wp\/v2\/media?parent=8856"}],"curies":[{"name":"wp","href":"https:\/\/api.w.org\/{rel}","templated":true}]}}